{"id":11,"date":"2016-12-25T15:05:50","date_gmt":"2016-12-25T13:05:50","guid":{"rendered":"http:\/\/mesalgroup.fi\/?page_id=11"},"modified":"2024-09-28T12:44:53","modified_gmt":"2024-09-28T10:44:53","slug":"briketti","status":"publish","type":"page","link":"https:\/\/mesalgroup.fi\/index.php\/briketti\/","title":{"rendered":"Briketti"},"content":{"rendered":"<p>Briketti on puristettua sahanpurua ja kutterinlastua.<br \/>\nBriketin etu on sen korkea l\u00e4mp\u00f6arvo, tasaisempi ja pitk\u00e4aikaisempi palaminen polttopuuhun verrattuna.<\/p>\n<p>Lavalla on 96 kappaletta 10 kilon brikettipaketteja.<\/p>\n<p>Lavan (960kg) hinnat varastolla Sastamalassa ovat:<br \/>\nBriketti Pini-kay (Ruskea) &#8211; 449\u20ac \/ lava<br \/>\n<s>Briketti RUF (vaalea) <\/s><\/p>\n<p>My\u00f6s pienemm\u00e4t toimitukset ovat mahdollisia sopimuksen mukaan.<\/p>\n<p><img loading=\"lazy\" decoding=\"async\" class=\"size-medium wp-image-27 alignnone\" src=\"http:\/\/mesalgroup.fi\/wp-content\/uploads\/2016\/12\/briketit4-1-300x225.jpg\" alt=\"briketit4\" width=\"300\" height=\"225\" srcset=\"https:\/\/mesalgroup.fi\/wp-content\/uploads\/2016\/12\/briketit4-1-300x225.jpg 300w, https:\/\/mesalgroup.fi\/wp-content\/uploads\/2016\/12\/briketit4-1-768x576.jpg 768w, https:\/\/mesalgroup.fi\/wp-content\/uploads\/2016\/12\/briketit4-1-1024x768.jpg 1024w, https:\/\/mesalgroup.fi\/wp-content\/uploads\/2016\/12\/briketit4-1-285x214.jpg 285w, https:\/\/mesalgroup.fi\/wp-content\/uploads\/2016\/12\/briketit4-1.jpg 1600w\" sizes=\"auto, (max-width: 300px) 100vw, 300px\" \/>\u00a0<img loading=\"lazy\" decoding=\"async\" class=\"size-medium wp-image-28 alignnone\" src=\"http:\/\/mesalgroup.fi\/wp-content\/uploads\/2016\/12\/briketit5-300x225.jpg\" alt=\"briketit5\" width=\"300\" height=\"225\" srcset=\"https:\/\/mesalgroup.fi\/wp-content\/uploads\/2016\/12\/briketit5-300x225.jpg 300w, https:\/\/mesalgroup.fi\/wp-content\/uploads\/2016\/12\/briketit5-768x576.jpg 768w, https:\/\/mesalgroup.fi\/wp-content\/uploads\/2016\/12\/briketit5-1024x768.jpg 1024w, https:\/\/mesalgroup.fi\/wp-content\/uploads\/2016\/12\/briketit5-285x214.jpg 285w, https:\/\/mesalgroup.fi\/wp-content\/uploads\/2016\/12\/briketit5.jpg 1600w\" sizes=\"auto, (max-width: 300px) 100vw, 300px\" \/>\u00a0<img loading=\"lazy\" decoding=\"async\" class=\"alignnone size-medium wp-image-94\" src=\"http:\/\/mesalgroup.fi\/wp-content\/uploads\/2016\/12\/WhatsApp-Image-2017-10-10-at-11.07.14-300x225.jpeg\" alt=\"Pakattuja brikettej\u00e4\" width=\"300\" height=\"225\" srcset=\"https:\/\/mesalgroup.fi\/wp-content\/uploads\/2016\/12\/WhatsApp-Image-2017-10-10-at-11.07.14-300x225.jpeg 300w, https:\/\/mesalgroup.fi\/wp-content\/uploads\/2016\/12\/WhatsApp-Image-2017-10-10-at-11.07.14-768x576.jpeg 768w, https:\/\/mesalgroup.fi\/wp-content\/uploads\/2016\/12\/WhatsApp-Image-2017-10-10-at-11.07.14-1024x768.jpeg 1024w, https:\/\/mesalgroup.fi\/wp-content\/uploads\/2016\/12\/WhatsApp-Image-2017-10-10-at-11.07.14-285x214.jpeg 285w, https:\/\/mesalgroup.fi\/wp-content\/uploads\/2016\/12\/WhatsApp-Image-2017-10-10-at-11.07.14.jpeg 1600w\" sizes=\"auto, (max-width: 300px) 100vw, 300px\" \/><\/p>\n","protected":false},"excerpt":{"rendered":"<p>Briketti on puristettua sahanpurua ja kutterinlastua. Briketin etu on sen korkea l\u00e4mp\u00f6arvo, tasaisempi ja pitk\u00e4aikaisempi palaminen polttopuuhun verrattuna. Lavalla on 96 kappaletta 10 kilon brikettipaketteja. Lavan (960kg) hinnat varastolla Sastamalassa ovat: Briketti Pini-kay (Ruskea) &#8211; 449\u20ac \/ lava Briketti RUF (vaalea) My\u00f6s pienemm\u00e4t toimitukset ovat mahdollisia sopimuksen mukaan. \u00a0\u00a0<\/p>\n","protected":false},"author":1,"featured_media":0,"parent":0,"menu_order":2,"comment_status":"closed","ping_status":"closed","template":"template-fullwidth.php","meta":{"footnotes":""},"class_list":["post-11","page","type-page","status-publish","hentry"],"_links":{"self":[{"href":"https:\/\/mesalgroup.fi\/index.php\/wp-json\/wp\/v2\/pages\/11","targetHints":{"allow":["GET"]}}],"collection":[{"href":"https:\/\/mesalgroup.fi\/index.php\/wp-json\/wp\/v2\/pages"}],"about":[{"href":"https:\/\/mesalgroup.fi\/index.php\/wp-json\/wp\/v2\/types\/page"}],"author":[{"embeddable":true,"href":"https:\/\/mesalgroup.fi\/index.php\/wp-json\/wp\/v2\/users\/1"}],"replies":[{"embeddable":true,"href":"https:\/\/mesalgroup.fi\/index.php\/wp-json\/wp\/v2\/comments?post=11"}],"version-history":[{"count":28,"href":"https:\/\/mesalgroup.fi\/index.php\/wp-json\/wp\/v2\/pages\/11\/revisions"}],"predecessor-version":[{"id":4699,"href":"https:\/\/mesalgroup.fi\/index.php\/wp-json\/wp\/v2\/pages\/11\/revisions\/4699"}],"wp:attachment":[{"href":"https:\/\/mesalgroup.fi\/index.php\/wp-json\/wp\/v2\/media?parent=11"}],"curies":[{"name":"wp","href":"https:\/\/api.w.org\/{rel}","templated":true}]}}