{"id":13,"date":"2016-12-25T15:06:02","date_gmt":"2016-12-25T13:06:02","guid":{"rendered":"http:\/\/mesalgroup.fi\/?page_id=13"},"modified":"2025-01-08T12:33:44","modified_gmt":"2025-01-08T10:33:44","slug":"pelletti","status":"publish","type":"page","link":"https:\/\/mesalgroup.fi\/index.php\/pelletti\/","title":{"rendered":"Pelletti"},"content":{"rendered":"<p><strong>Pelletti\u00e4 suoraan Roismalan varastosta!<\/strong><\/p>\n<ul>\n<li>8 mm 500 kg suurs\u00e4kiss\u00e4 215 \u20ac\/s\u00e4kki<\/li>\n<li>\u20608 mm 1000 kg suurs\u00e4kiss\u00e4 415 \u20ac\/s\u00e4kki<\/li>\n<li>6mm 500 kg suurs\u00e4kiss\u00e4 190 \u20ac\/s\u00e4kki<\/li>\n<li>\u20606 mm 1000 kg suurs\u00e4kiss\u00e4 360 \u20ac\/s\u00e4kki<\/li>\n<\/ul>\n<p>Nyt ennen pakkasten tuloa on hyv\u00e4 hetki t\u00e4ydent\u00e4\u00e4 varastot!<br \/>\nSoita Samulille <strong>045 119 3132<\/strong> ja sovitaan noudosta<\/p>\n<p>Pelletti on tiiviiksi puristettua polttoainetta, jossa on paljon energiaa ja sopii hyvin l\u00e4mmitykseen,<br \/>\nniin pieness\u00e4, kuin isommassakin kiinteist\u00f6ss\u00e4 aina omakotitaloista tuotantolaitoksiin.<br \/>\nTonni pellettej\u00e4 vastaa l\u00e4mp\u00f6arvoltaan n. 1,5 tonnia puuta, tai noin 500 litraa \u00f6ljy\u00e4,<br \/>\nmutta on t\u00e4ysin uusiutuvaa energiaa, eli on huomattavasti fossiilisia polttoaineita ymp\u00e4rist\u00f6yst\u00e4v\u00e4llisempi vaihtoehto.<\/p>\n<ul>\n<li>Pelletti on 100 % havupurua.<\/li>\n<li>Halkaisijaltaan 8 mm. ja pituudeltaan 2-4 cm.<\/li>\n<li>Tuhkaa alle 0,4% ja kosteus alle 10 %.<\/li>\n<li>L\u00e4mp\u00f6arvo 4,8 rWh\/kg<\/li>\n<\/ul>\n<p>&nbsp;<\/p>\n<p><img loading=\"lazy\" decoding=\"async\" class=\"alignnone size-medium wp-image-39\" src=\"http:\/\/mesalgroup.fi\/wp-content\/uploads\/2016\/12\/pelletit-1-300x225.jpeg\" alt=\"pelletit\" width=\"300\" height=\"225\" srcset=\"https:\/\/mesalgroup.fi\/wp-content\/uploads\/2016\/12\/pelletit-1-300x225.jpeg 300w, https:\/\/mesalgroup.fi\/wp-content\/uploads\/2016\/12\/pelletit-1-768x576.jpeg 768w, https:\/\/mesalgroup.fi\/wp-content\/uploads\/2016\/12\/pelletit-1-285x214.jpeg 285w, https:\/\/mesalgroup.fi\/wp-content\/uploads\/2016\/12\/pelletit-1.jpeg 960w\" sizes=\"auto, (max-width: 300px) 100vw, 300px\" \/> <img loading=\"lazy\" decoding=\"async\" class=\"alignnone size-medium wp-image-40\" src=\"http:\/\/mesalgroup.fi\/wp-content\/uploads\/2016\/12\/pelletit2-300x225.jpg\" alt=\"pelletit2\" width=\"300\" height=\"225\" srcset=\"https:\/\/mesalgroup.fi\/wp-content\/uploads\/2016\/12\/pelletit2-300x225.jpg 300w, https:\/\/mesalgroup.fi\/wp-content\/uploads\/2016\/12\/pelletit2-285x214.jpg 285w, https:\/\/mesalgroup.fi\/wp-content\/uploads\/2016\/12\/pelletit2.jpg 654w\" sizes=\"auto, (max-width: 300px) 100vw, 300px\" \/>\u00a0<img loading=\"lazy\" decoding=\"async\" class=\"alignnone size-medium wp-image-92\" src=\"http:\/\/mesalgroup.fi\/wp-content\/uploads\/2016\/12\/WhatsApp-Image-2017-10-10-at-11.06.12-300x225.jpeg\" alt=\"Pelletti\u00e4 s\u00e4keiss\u00e4\" width=\"300\" height=\"225\" srcset=\"https:\/\/mesalgroup.fi\/wp-content\/uploads\/2016\/12\/WhatsApp-Image-2017-10-10-at-11.06.12-300x225.jpeg 300w, https:\/\/mesalgroup.fi\/wp-content\/uploads\/2016\/12\/WhatsApp-Image-2017-10-10-at-11.06.12-768x576.jpeg 768w, https:\/\/mesalgroup.fi\/wp-content\/uploads\/2016\/12\/WhatsApp-Image-2017-10-10-at-11.06.12-1024x768.jpeg 1024w, https:\/\/mesalgroup.fi\/wp-content\/uploads\/2016\/12\/WhatsApp-Image-2017-10-10-at-11.06.12-285x214.jpeg 285w, https:\/\/mesalgroup.fi\/wp-content\/uploads\/2016\/12\/WhatsApp-Image-2017-10-10-at-11.06.12.jpeg 1600w\" sizes=\"auto, (max-width: 300px) 100vw, 300px\" \/><\/p>\n","protected":false},"excerpt":{"rendered":"<p>Pelletti\u00e4 suoraan Roismalan varastosta! 8 mm 500 kg suurs\u00e4kiss\u00e4 215 \u20ac\/s\u00e4kki \u20608 mm 1000 kg suurs\u00e4kiss\u00e4 415 \u20ac\/s\u00e4kki 6mm 500 kg suurs\u00e4kiss\u00e4 190 \u20ac\/s\u00e4kki \u20606 mm 1000 kg suurs\u00e4kiss\u00e4 360 \u20ac\/s\u00e4kki Nyt ennen pakkasten tuloa on hyv\u00e4 hetki t\u00e4ydent\u00e4\u00e4 varastot! Soita Samulille 045 119 3132 ja sovitaan noudosta Pelletti on tiiviiksi puristettua polttoainetta, jossa on <a href=\"https:\/\/mesalgroup.fi\/index.php\/pelletti\/\" rel=\"nofollow\"><span class=\"sr-only\">Read more about Pelletti<\/span>[&#8230;]<\/a><\/p>\n","protected":false},"author":1,"featured_media":0,"parent":0,"menu_order":1,"comment_status":"closed","ping_status":"closed","template":"template-fullwidth.php","meta":{"footnotes":""},"class_list":["post-13","page","type-page","status-publish","hentry"],"_links":{"self":[{"href":"https:\/\/mesalgroup.fi\/index.php\/wp-json\/wp\/v2\/pages\/13","targetHints":{"allow":["GET"]}}],"collection":[{"href":"https:\/\/mesalgroup.fi\/index.php\/wp-json\/wp\/v2\/pages"}],"about":[{"href":"https:\/\/mesalgroup.fi\/index.php\/wp-json\/wp\/v2\/types\/page"}],"author":[{"embeddable":true,"href":"https:\/\/mesalgroup.fi\/index.php\/wp-json\/wp\/v2\/users\/1"}],"replies":[{"embeddable":true,"href":"https:\/\/mesalgroup.fi\/index.php\/wp-json\/wp\/v2\/comments?post=13"}],"version-history":[{"count":20,"href":"https:\/\/mesalgroup.fi\/index.php\/wp-json\/wp\/v2\/pages\/13\/revisions"}],"predecessor-version":[{"id":4958,"href":"https:\/\/mesalgroup.fi\/index.php\/wp-json\/wp\/v2\/pages\/13\/revisions\/4958"}],"wp:attachment":[{"href":"https:\/\/mesalgroup.fi\/index.php\/wp-json\/wp\/v2\/media?parent=13"}],"curies":[{"name":"wp","href":"https:\/\/api.w.org\/{rel}","templated":true}]}}