{"id":15,"date":"2016-12-25T15:06:13","date_gmt":"2016-12-25T13:06:13","guid":{"rendered":"http:\/\/mesalgroup.fi\/?page_id=15"},"modified":"2024-03-25T09:55:40","modified_gmt":"2024-03-25T07:55:40","slug":"rakentamispalvelut","status":"publish","type":"page","link":"https:\/\/mesalgroup.fi\/index.php\/rakentamispalvelut\/","title":{"rendered":"Rakentamispalvelut"},"content":{"rendered":"<ul>\n<li>Uudisrakennukset, my\u00f6s matalaenergia.<\/li>\n<li>Pesuhuone- ja saunaremontit.<\/li>\n<li>Vesieristykset, VTT:n sertifikaatti.<\/li>\n<li>Hirsirakentaminen.<\/li>\n<li>Tuotanto- ja varastorakennukset.<\/li>\n<\/ul>\n<p><img loading=\"lazy\" decoding=\"async\" class=\"alignnone size-medium wp-image-45\" src=\"http:\/\/mesalgroup.fi\/wp-content\/uploads\/2016\/12\/sauna-300x225.jpg\" alt=\"sauna\" width=\"300\" height=\"225\" srcset=\"https:\/\/mesalgroup.fi\/wp-content\/uploads\/2016\/12\/sauna-300x225.jpg 300w, https:\/\/mesalgroup.fi\/wp-content\/uploads\/2016\/12\/sauna-768x576.jpg 768w, https:\/\/mesalgroup.fi\/wp-content\/uploads\/2016\/12\/sauna-1024x768.jpg 1024w, https:\/\/mesalgroup.fi\/wp-content\/uploads\/2016\/12\/sauna-285x214.jpg 285w, https:\/\/mesalgroup.fi\/wp-content\/uploads\/2016\/12\/sauna.jpg 1920w\" sizes=\"auto, (max-width: 300px) 100vw, 300px\" \/><\/p>\n<p>&nbsp;<\/p>\n<ul>\n<li>Minikaivurity\u00f6t<\/li>\n<\/ul>\n<p>Yrityksell\u00e4mme on kaivuri poravasaralla, sek\u00e4 kaveriksi pikku dumpperi.<br \/>\nN\u00e4iden avulla pystymme toteuttamaan esim. purku- ja kaivuut\u00f6it\u00e4 my\u00f6s pieniss\u00e4 tiloissa!<\/p>\n<p><img loading=\"lazy\" decoding=\"async\" class=\"alignnone size-medium wp-image-84\" src=\"http:\/\/mesalgroup.fi\/wp-content\/uploads\/2016\/12\/minikaivuri-300x225.jpeg\" alt=\"minikaivuri\" width=\"300\" height=\"225\" srcset=\"https:\/\/mesalgroup.fi\/wp-content\/uploads\/2016\/12\/minikaivuri-300x225.jpeg 300w, https:\/\/mesalgroup.fi\/wp-content\/uploads\/2016\/12\/minikaivuri-768x576.jpeg 768w, https:\/\/mesalgroup.fi\/wp-content\/uploads\/2016\/12\/minikaivuri-1024x768.jpeg 1024w, https:\/\/mesalgroup.fi\/wp-content\/uploads\/2016\/12\/minikaivuri-285x214.jpeg 285w, https:\/\/mesalgroup.fi\/wp-content\/uploads\/2016\/12\/minikaivuri.jpeg 1600w\" sizes=\"auto, (max-width: 300px) 100vw, 300px\" \/><\/p>\n<p>&nbsp;<\/p>\n<ul>\n<li>Timanttileikkuri<\/li>\n<\/ul>\n<p>Lattian ja aukkojen sahaukset timanttileikkurilla.<\/p>\n<p><img loading=\"lazy\" decoding=\"async\" class=\"alignnone size-medium wp-image-85\" src=\"http:\/\/mesalgroup.fi\/wp-content\/uploads\/2016\/12\/timanttileikkurio-225x300.jpeg\" alt=\"timanttileikkuri\" width=\"225\" height=\"300\" srcset=\"https:\/\/mesalgroup.fi\/wp-content\/uploads\/2016\/12\/timanttileikkurio-225x300.jpeg 225w, https:\/\/mesalgroup.fi\/wp-content\/uploads\/2016\/12\/timanttileikkurio-768x1024.jpeg 768w, https:\/\/mesalgroup.fi\/wp-content\/uploads\/2016\/12\/timanttileikkurio.jpeg 1200w\" sizes=\"auto, (max-width: 225px) 100vw, 225px\" \/><\/p>\n","protected":false},"excerpt":{"rendered":"<p>Uudisrakennukset, my\u00f6s matalaenergia. Pesuhuone- ja saunaremontit. Vesieristykset, VTT:n sertifikaatti. Hirsirakentaminen. Tuotanto- ja varastorakennukset. &nbsp; Minikaivurity\u00f6t Yrityksell\u00e4mme on kaivuri poravasaralla, sek\u00e4 kaveriksi pikku dumpperi. N\u00e4iden avulla pystymme toteuttamaan esim. purku- ja kaivuut\u00f6it\u00e4 my\u00f6s pieniss\u00e4 tiloissa! &nbsp; Timanttileikkuri Lattian ja aukkojen sahaukset timanttileikkurilla.<\/p>\n","protected":false},"author":1,"featured_media":0,"parent":0,"menu_order":3,"comment_status":"closed","ping_status":"closed","template":"template-fullwidth.php","meta":{"footnotes":""},"class_list":["post-15","page","type-page","status-publish","hentry"],"_links":{"self":[{"href":"https:\/\/mesalgroup.fi\/index.php\/wp-json\/wp\/v2\/pages\/15","targetHints":{"allow":["GET"]}}],"collection":[{"href":"https:\/\/mesalgroup.fi\/index.php\/wp-json\/wp\/v2\/pages"}],"about":[{"href":"https:\/\/mesalgroup.fi\/index.php\/wp-json\/wp\/v2\/types\/page"}],"author":[{"embeddable":true,"href":"https:\/\/mesalgroup.fi\/index.php\/wp-json\/wp\/v2\/users\/1"}],"replies":[{"embeddable":true,"href":"https:\/\/mesalgroup.fi\/index.php\/wp-json\/wp\/v2\/comments?post=15"}],"version-history":[{"count":8,"href":"https:\/\/mesalgroup.fi\/index.php\/wp-json\/wp\/v2\/pages\/15\/revisions"}],"predecessor-version":[{"id":4177,"href":"https:\/\/mesalgroup.fi\/index.php\/wp-json\/wp\/v2\/pages\/15\/revisions\/4177"}],"wp:attachment":[{"href":"https:\/\/mesalgroup.fi\/index.php\/wp-json\/wp\/v2\/media?parent=15"}],"curies":[{"name":"wp","href":"https:\/\/api.w.org\/{rel}","templated":true}]}}