{"id":17,"date":"2016-12-25T15:06:25","date_gmt":"2016-12-25T13:06:25","guid":{"rendered":"http:\/\/mesalgroup.fi\/?page_id=17"},"modified":"2016-12-25T15:48:36","modified_gmt":"2016-12-25T13:48:36","slug":"kauhan-lisalaite","status":"publish","type":"page","link":"https:\/\/mesalgroup.fi\/index.php\/kauhan-lisalaite\/","title":{"rendered":"Kauhan lis\u00e4laite"},"content":{"rendered":"<p><object data=\"http:\/\/mesalgroup.fi\/wp-content\/uploads\/2016\/12\/kauhapdf.pdf\" type=\"application\/pdf\" width=\"100%\" height=\"850\" ><iframe loading=\"lazy\" src=\"http:\/\/mesalgroup.fi\/wp-content\/uploads\/2016\/12\/kauhapdf.pdf\" width=\"100%\" height=\"850\" style=\"border: none;\"><br \/>\nT\u00e4m\u00e4 selain ei tue PDF tiedostomuotoa. Lataa PDF tiedosto t\u00e4st\u00e4 lukeaksesi sen: <a href=\"http:\/\/mesalgroup.fi\/wp-content\/uploads\/2016\/12\/kauhapdf.pdf\">Lataa esite<\/a><br \/>\n<\/iframe><\/object><\/p>\n","protected":false},"excerpt":{"rendered":"<p>T\u00e4m\u00e4 selain ei tue PDF tiedostomuotoa. Lataa PDF tiedosto t\u00e4st\u00e4 lukeaksesi sen: Lataa esite<\/p>\n","protected":false},"author":1,"featured_media":0,"parent":0,"menu_order":4,"comment_status":"closed","ping_status":"closed","template":"template-fullwidth.php","meta":{"footnotes":""},"class_list":["post-17","page","type-page","status-publish","hentry"],"_links":{"self":[{"href":"https:\/\/mesalgroup.fi\/index.php\/wp-json\/wp\/v2\/pages\/17","targetHints":{"allow":["GET"]}}],"collection":[{"href":"https:\/\/mesalgroup.fi\/index.php\/wp-json\/wp\/v2\/pages"}],"about":[{"href":"https:\/\/mesalgroup.fi\/index.php\/wp-json\/wp\/v2\/types\/page"}],"author":[{"embeddable":true,"href":"https:\/\/mesalgroup.fi\/index.php\/wp-json\/wp\/v2\/users\/1"}],"replies":[{"embeddable":true,"href":"https:\/\/mesalgroup.fi\/index.php\/wp-json\/wp\/v2\/comments?post=17"}],"version-history":[{"count":3,"href":"https:\/\/mesalgroup.fi\/index.php\/wp-json\/wp\/v2\/pages\/17\/revisions"}],"predecessor-version":[{"id":54,"href":"https:\/\/mesalgroup.fi\/index.php\/wp-json\/wp\/v2\/pages\/17\/revisions\/54"}],"wp:attachment":[{"href":"https:\/\/mesalgroup.fi\/index.php\/wp-json\/wp\/v2\/media?parent=17"}],"curies":[{"name":"wp","href":"https:\/\/api.w.org\/{rel}","templated":true}]}}